{"id":6554,"date":"2012-05-20T15:02:43","date_gmt":"2012-05-20T15:02:43","guid":{"rendered":"http:\/\/fincaelmorisco.com.w01a58ea.kasserver.com\/kuechenphilosophie\/"},"modified":"2022-11-12T11:53:17","modified_gmt":"2022-11-12T10:53:17","slug":"kuechenphilosophie","status":"publish","type":"page","link":"https:\/\/fincaelmorisco.com\/?page_id=6554","title":{"rendered":"Die K\u00fcchenphilosophie der Finca el Morisco"},"content":{"rendered":"\t\t<div data-elementor-type=\"wp-page\" data-elementor-id=\"6554\" class=\"elementor elementor-6554\">\n\t\t\t\t\t\t<section class=\"elementor-section elementor-top-section elementor-element elementor-element-353e874 elementor-section-boxed elementor-section-height-default elementor-section-height-default\" data-id=\"353e874\" data-element_type=\"section\" data-e-type=\"section\">\n\t\t\t\t\t\t<div class=\"elementor-container elementor-column-gap-default\">\n\t\t\t\t\t<div class=\"elementor-column elementor-col-100 elementor-top-column elementor-element elementor-element-1f22e06\" data-id=\"1f22e06\" data-element_type=\"column\" data-e-type=\"column\">\n\t\t\t<div class=\"elementor-widget-wrap elementor-element-populated\">\n\t\t\t\t\t\t<div class=\"elementor-element elementor-element-a9d756a elementor-invisible elementor-widget elementor-widget-heading\" data-id=\"a9d756a\" data-element_type=\"widget\" data-e-type=\"widget\" data-settings=\"{&quot;_animation&quot;:&quot;fadeInDown&quot;}\" data-widget_type=\"heading.default\">\n\t\t\t\t\t<h1 class=\"elementor-heading-title elementor-size-default\">Die K\u00fcchenphilosophie der Finca el Morisco<\/h1>\t\t\t\t<\/div>\n\t\t\t\t\t<\/div>\n\t\t<\/div>\n\t\t\t\t\t<\/div>\n\t\t<\/section>\n\t\t\t\t<section class=\"elementor-section elementor-top-section elementor-element elementor-element-baa714d elementor-section-boxed elementor-section-height-default elementor-section-height-default\" data-id=\"baa714d\" data-element_type=\"section\" data-e-type=\"section\">\n\t\t\t\t\t\t<div class=\"elementor-container elementor-column-gap-default\">\n\t\t\t\t\t<div class=\"elementor-column elementor-col-100 elementor-top-column elementor-element elementor-element-8b9272e\" data-id=\"8b9272e\" data-element_type=\"column\" data-e-type=\"column\">\n\t\t\t<div class=\"elementor-widget-wrap elementor-element-populated\">\n\t\t\t\t\t\t<div class=\"elementor-element elementor-element-35e4c17 elementor-invisible elementor-widget elementor-widget-heading\" data-id=\"35e4c17\" data-element_type=\"widget\" data-e-type=\"widget\" data-settings=\"{&quot;_animation&quot;:&quot;slideInDown&quot;}\" data-widget_type=\"heading.default\">\n\t\t\t\t\t<h4 class=\"elementor-heading-title elementor-size-default\">Den Schl\u00fcssel zum Gl\u00fcck erhalten wir durch das richtige Denken und Essen, wer gl\u00fccklich ist kann besser denken, wird aktiver, f\u00fchlt sich wohler und ist ges\u00fcnder...<\/h4>\t\t\t\t<\/div>\n\t\t\t\t\t<\/div>\n\t\t<\/div>\n\t\t\t\t\t<\/div>\n\t\t<\/section>\n\t\t\t\t<section class=\"elementor-section elementor-top-section elementor-element elementor-element-5f0d11a elementor-section-boxed elementor-section-height-default elementor-section-height-default\" data-id=\"5f0d11a\" data-element_type=\"section\" data-e-type=\"section\">\n\t\t\t\t\t\t<div class=\"elementor-container elementor-column-gap-default\">\n\t\t\t\t\t<div class=\"elementor-column elementor-col-100 elementor-top-column elementor-element elementor-element-632d7c5\" data-id=\"632d7c5\" data-element_type=\"column\" data-e-type=\"column\">\n\t\t\t<div class=\"elementor-widget-wrap elementor-element-populated\">\n\t\t\t\t\t\t<div class=\"elementor-element elementor-element-a0b58cb elementor-invisible elementor-widget elementor-widget-text-editor\" data-id=\"a0b58cb\" data-element_type=\"widget\" data-e-type=\"widget\" data-settings=\"{&quot;_animation&quot;:&quot;fadeInLeft&quot;}\" data-widget_type=\"text-editor.default\">\n\t\t\t\t\t\t\t\t\t<p><span style=\"font-size: 18px;\">Eine ausgewogene, den Bed\u00fcrfnissen des Organismus angepasste Ern\u00e4hrung, die aus viel frischem Obst, Gem\u00fcse und vegetarischen Lebensmitteln besteht, bewahrt den Menschen vor vielen Wohlstandskrankheiten. Unsere vegetarisch\/vegane Kost unterst\u00fctzt das Wachwerden von K\u00f6rper, Geist und Seele. Die richtige Ern\u00e4hrung ist ein wichtiger Baustein f\u00fcr ein lebendiges Wohlbefinden. Dazu geh\u00f6rt nat\u00fcrlich der Verzicht auf alle Arten von Suchtmitteln.<\/span><br><\/p>\n<p>Das Wohlbefinden unserer G\u00e4ste ist unser h\u00f6chstes Anliegen und unser K\u00fcchenteam m\u00f6chte dies unterst\u00fctzen mit der Art und Weise wie wir arbeiten, welche Produkte wir verwenden und wie wir die Speisen pr\u00e4sentieren.<\/p>\t\t\t\t\t\t\t\t<\/div>\n\t\t\t\t\t<\/div>\n\t\t<\/div>\n\t\t\t\t\t<\/div>\n\t\t<\/section>\n\t\t\t\t<section class=\"elementor-section elementor-top-section elementor-element elementor-element-d9ba822 elementor-section-boxed elementor-section-height-default elementor-section-height-default elementor-invisible\" data-id=\"d9ba822\" data-element_type=\"section\" data-e-type=\"section\" data-settings=\"{&quot;animation&quot;:&quot;fadeInRight&quot;}\">\n\t\t\t\t\t\t<div class=\"elementor-container elementor-column-gap-default\">\n\t\t\t\t\t<div class=\"elementor-column elementor-col-50 elementor-top-column elementor-element elementor-element-43490d2\" data-id=\"43490d2\" data-element_type=\"column\" data-e-type=\"column\">\n\t\t\t<div class=\"elementor-widget-wrap elementor-element-populated\">\n\t\t\t\t\t\t<div class=\"elementor-element elementor-element-b89d831 elementor-invisible elementor-widget elementor-widget-image\" data-id=\"b89d831\" data-element_type=\"widget\" data-e-type=\"widget\" data-settings=\"{&quot;_animation&quot;:&quot;bounceInLeft&quot;}\" data-widget_type=\"image.default\">\n\t\t\t\t\t\t\t\t\t\t\t\t\t\t\t<img fetchpriority=\"high\" decoding=\"async\" width=\"1024\" height=\"768\" src=\"https:\/\/fincaelmorisco.com\/wp-content\/uploads\/2021\/04\/Finca-El-Morisco-20-1.jpg\" class=\"attachment-large size-large wp-image-11112\" alt=\"\" srcset=\"https:\/\/fincaelmorisco.com\/wp-content\/uploads\/2021\/04\/Finca-El-Morisco-20-1.jpg 1024w, https:\/\/fincaelmorisco.com\/wp-content\/uploads\/2021\/04\/Finca-El-Morisco-20-1-300x225.jpg 300w, https:\/\/fincaelmorisco.com\/wp-content\/uploads\/2021\/04\/Finca-El-Morisco-20-1-768x576.jpg 768w, https:\/\/fincaelmorisco.com\/wp-content\/uploads\/2021\/04\/Finca-El-Morisco-20-1-380x285.jpg 380w, https:\/\/fincaelmorisco.com\/wp-content\/uploads\/2021\/04\/Finca-El-Morisco-20-1-285x214.jpg 285w\" sizes=\"(max-width: 1024px) 100vw, 1024px\" \/>\t\t\t\t\t\t\t\t\t\t\t\t\t\t\t<\/div>\n\t\t\t\t\t<\/div>\n\t\t<\/div>\n\t\t\t\t<div class=\"elementor-column elementor-col-50 elementor-top-column elementor-element elementor-element-41943fe\" data-id=\"41943fe\" data-element_type=\"column\" data-e-type=\"column\">\n\t\t\t<div class=\"elementor-widget-wrap elementor-element-populated\">\n\t\t\t\t\t\t<div class=\"elementor-element elementor-element-e0a991f elementor-widget elementor-widget-text-editor\" data-id=\"e0a991f\" data-element_type=\"widget\" data-e-type=\"widget\" data-widget_type=\"text-editor.default\">\n\t\t\t\t\t\t\t\t\t<p>Das K\u00fcchenteam der Finca el Morisco bereitet leckere, vegetarische und vegane Kost zu. Wir verwenden zur Herstellung unserer Speisen \u00fcberwiegend naturbelassene Lebensmittel der Jahreszeit, auch aus biologischem Anbau. Einige Brotaufstriche sind hausgemacht.<\/p><p>Bei uns hast Du die M\u00f6glichkeit, w\u00e4hrend Deines Aufenthaltes hier auf der Finca diese Form der Ern\u00e4hrung auszuprobieren und eingefahrene Ern\u00e4hrungsgewohnheiten zu \u00fcberdenken. Es ist f\u00fcr Dich vielleicht anfangs ungewohnt \u2013 aber Dein K\u00f6rper wird es Dir danken mit dem Gef\u00fchl eines neuen Wohlbefindens.<\/p><p>Falls spezielle Produkte f\u00fcr Di\u00e4ten ben\u00f6tigt werden, bitten wir Dich jedoch, diese selbst mitzubringen.<\/p><p><b>Guten Appetit!<\/b><\/p>\t\t\t\t\t\t\t\t<\/div>\n\t\t\t\t\t<\/div>\n\t\t<\/div>\n\t\t\t\t\t<\/div>\n\t\t<\/section>\n\t\t\t\t<\/div>\n\t\t","protected":false},"excerpt":{"rendered":"<p>Die K\u00fcchenphilosophie der Finca el Morisco Den Schl\u00fcssel zum Gl\u00fcck erhalten wir durch das richtige Denken und Essen, wer gl\u00fccklich ist kann besser denken, wird aktiver, f\u00fchlt sich wohler und ist ges\u00fcnder&#8230; Eine ausgewogene, den Bed\u00fcrfnissen des Organismus angepasste Ern\u00e4hrung, <a class=\"more-link\" href=\"https:\/\/fincaelmorisco.com\/?page_id=6554\">weiterlesen&#8230;<\/a><\/p>\n","protected":false},"author":1,"featured_media":0,"parent":0,"menu_order":10,"comment_status":"closed","ping_status":"closed","template":"","meta":{"_exactmetrics_skip_tracking":false,"_exactmetrics_sitenote_active":false,"_exactmetrics_sitenote_note":"","_exactmetrics_sitenote_category":0,"footnotes":""},"class_list":["post-6554","page","type-page","status-publish","hentry"],"yoast_head":"<!-- This site is optimized with the Yoast SEO plugin v27.4 - https:\/\/yoast.com\/product\/yoast-seo-wordpress\/ -->\n<title>Die K\u00fcchenphilosophie der Finca el Morisco - Finca el Morisco<\/title>\n<meta name=\"robots\" content=\"index, follow, max-snippet:-1, max-image-preview:large, max-video-preview:-1\" \/>\n<link rel=\"canonical\" href=\"https:\/\/fincaelmorisco.com\/?page_id=6554\" \/>\n<meta property=\"og:locale\" content=\"de_DE\" \/>\n<meta property=\"og:type\" content=\"article\" \/>\n<meta property=\"og:title\" content=\"Die K\u00fcchenphilosophie der Finca el Morisco - Finca el Morisco\" \/>\n<meta property=\"og:description\" content=\"Die K\u00fcchenphilosophie der Finca el Morisco Den Schl\u00fcssel zum Gl\u00fcck erhalten wir durch das richtige Denken und Essen, wer gl\u00fccklich ist kann besser denken, wird aktiver, f\u00fchlt sich wohler und ist ges\u00fcnder&#8230; Eine ausgewogene, den Bed\u00fcrfnissen des Organismus angepasste Ern\u00e4hrung, weiterlesen...\" \/>\n<meta property=\"og:url\" content=\"https:\/\/fincaelmorisco.com\/?page_id=6554\" \/>\n<meta property=\"og:site_name\" content=\"Finca el Morisco\" \/>\n<meta property=\"article:modified_time\" content=\"2022-11-12T10:53:17+00:00\" \/>\n<meta property=\"og:image\" content=\"https:\/\/fincaelmorisco.com\/wp-content\/uploads\/2021\/04\/Finca-El-Morisco-20-1.jpg\" \/>\n<meta name=\"twitter:card\" content=\"summary_large_image\" \/>\n<meta name=\"twitter:label1\" content=\"Gesch\u00e4tzte Lesezeit\" \/>\n\t<meta name=\"twitter:data1\" content=\"2\u00a0Minuten\" \/>\n<script type=\"application\/ld+json\" class=\"yoast-schema-graph\">{\"@context\":\"https:\\\/\\\/schema.org\",\"@graph\":[{\"@type\":\"WebPage\",\"@id\":\"https:\\\/\\\/fincaelmorisco.com\\\/?page_id=6554\",\"url\":\"https:\\\/\\\/fincaelmorisco.com\\\/?page_id=6554\",\"name\":\"Die K\u00fcchenphilosophie der Finca el Morisco - Finca el Morisco\",\"isPartOf\":{\"@id\":\"https:\\\/\\\/fincaelmorisco.com\\\/#website\"},\"primaryImageOfPage\":{\"@id\":\"https:\\\/\\\/fincaelmorisco.com\\\/?page_id=6554#primaryimage\"},\"image\":{\"@id\":\"https:\\\/\\\/fincaelmorisco.com\\\/?page_id=6554#primaryimage\"},\"thumbnailUrl\":\"https:\\\/\\\/fincaelmorisco.com\\\/wp-content\\\/uploads\\\/2021\\\/04\\\/Finca-El-Morisco-20-1.jpg\",\"datePublished\":\"2012-05-20T15:02:43+00:00\",\"dateModified\":\"2022-11-12T10:53:17+00:00\",\"breadcrumb\":{\"@id\":\"https:\\\/\\\/fincaelmorisco.com\\\/?page_id=6554#breadcrumb\"},\"inLanguage\":\"de\",\"potentialAction\":[{\"@type\":\"ReadAction\",\"target\":[\"https:\\\/\\\/fincaelmorisco.com\\\/?page_id=6554\"]}]},{\"@type\":\"ImageObject\",\"inLanguage\":\"de\",\"@id\":\"https:\\\/\\\/fincaelmorisco.com\\\/?page_id=6554#primaryimage\",\"url\":\"https:\\\/\\\/fincaelmorisco.com\\\/wp-content\\\/uploads\\\/2021\\\/04\\\/Finca-El-Morisco-20-1.jpg\",\"contentUrl\":\"https:\\\/\\\/fincaelmorisco.com\\\/wp-content\\\/uploads\\\/2021\\\/04\\\/Finca-El-Morisco-20-1.jpg\"},{\"@type\":\"BreadcrumbList\",\"@id\":\"https:\\\/\\\/fincaelmorisco.com\\\/?page_id=6554#breadcrumb\",\"itemListElement\":[{\"@type\":\"ListItem\",\"position\":1,\"name\":\"Home\",\"item\":\"https:\\\/\\\/fincaelmorisco.com\\\/\"},{\"@type\":\"ListItem\",\"position\":2,\"name\":\"Die K\u00fcchenphilosophie der Finca el Morisco\"}]},{\"@type\":\"WebSite\",\"@id\":\"https:\\\/\\\/fincaelmorisco.com\\\/#website\",\"url\":\"https:\\\/\\\/fincaelmorisco.com\\\/\",\"name\":\"Finca el Morisco\",\"description\":\"Yogaurlaub in Andalusien Finca El Morisco\",\"publisher\":{\"@id\":\"https:\\\/\\\/fincaelmorisco.com\\\/#organization\"},\"potentialAction\":[{\"@type\":\"SearchAction\",\"target\":{\"@type\":\"EntryPoint\",\"urlTemplate\":\"https:\\\/\\\/fincaelmorisco.com\\\/?s={search_term_string}\"},\"query-input\":{\"@type\":\"PropertyValueSpecification\",\"valueRequired\":true,\"valueName\":\"search_term_string\"}}],\"inLanguage\":\"de\"},{\"@type\":\"Organization\",\"@id\":\"https:\\\/\\\/fincaelmorisco.com\\\/#organization\",\"name\":\"Finca El Morisco\",\"url\":\"https:\\\/\\\/fincaelmorisco.com\\\/\",\"logo\":{\"@type\":\"ImageObject\",\"inLanguage\":\"de\",\"@id\":\"https:\\\/\\\/fincaelmorisco.com\\\/#\\\/schema\\\/logo\\\/image\\\/\",\"url\":\"https:\\\/\\\/fincaelmorisco.com\\\/wp-content\\\/uploads\\\/2022\\\/02\\\/Finca-El-Morisco-Logo.png\",\"contentUrl\":\"https:\\\/\\\/fincaelmorisco.com\\\/wp-content\\\/uploads\\\/2022\\\/02\\\/Finca-El-Morisco-Logo.png\",\"width\":521,\"height\":123,\"caption\":\"Finca El Morisco\"},\"image\":{\"@id\":\"https:\\\/\\\/fincaelmorisco.com\\\/#\\\/schema\\\/logo\\\/image\\\/\"}}]}<\/script>\n<!-- \/ Yoast SEO plugin. -->","yoast_head_json":{"title":"Die K\u00fcchenphilosophie der Finca el Morisco - Finca el Morisco","robots":{"index":"index","follow":"follow","max-snippet":"max-snippet:-1","max-image-preview":"max-image-preview:large","max-video-preview":"max-video-preview:-1"},"canonical":"https:\/\/fincaelmorisco.com\/?page_id=6554","og_locale":"de_DE","og_type":"article","og_title":"Die K\u00fcchenphilosophie der Finca el Morisco - Finca el Morisco","og_description":"Die K\u00fcchenphilosophie der Finca el Morisco Den Schl\u00fcssel zum Gl\u00fcck erhalten wir durch das richtige Denken und Essen, wer gl\u00fccklich ist kann besser denken, wird aktiver, f\u00fchlt sich wohler und ist ges\u00fcnder&#8230; Eine ausgewogene, den Bed\u00fcrfnissen des Organismus angepasste Ern\u00e4hrung, weiterlesen...","og_url":"https:\/\/fincaelmorisco.com\/?page_id=6554","og_site_name":"Finca el Morisco","article_modified_time":"2022-11-12T10:53:17+00:00","og_image":[{"url":"https:\/\/fincaelmorisco.com\/wp-content\/uploads\/2021\/04\/Finca-El-Morisco-20-1.jpg","type":"","width":"","height":""}],"twitter_card":"summary_large_image","twitter_misc":{"Gesch\u00e4tzte Lesezeit":"2\u00a0Minuten"},"schema":{"@context":"https:\/\/schema.org","@graph":[{"@type":"WebPage","@id":"https:\/\/fincaelmorisco.com\/?page_id=6554","url":"https:\/\/fincaelmorisco.com\/?page_id=6554","name":"Die K\u00fcchenphilosophie der Finca el Morisco - Finca el Morisco","isPartOf":{"@id":"https:\/\/fincaelmorisco.com\/#website"},"primaryImageOfPage":{"@id":"https:\/\/fincaelmorisco.com\/?page_id=6554#primaryimage"},"image":{"@id":"https:\/\/fincaelmorisco.com\/?page_id=6554#primaryimage"},"thumbnailUrl":"https:\/\/fincaelmorisco.com\/wp-content\/uploads\/2021\/04\/Finca-El-Morisco-20-1.jpg","datePublished":"2012-05-20T15:02:43+00:00","dateModified":"2022-11-12T10:53:17+00:00","breadcrumb":{"@id":"https:\/\/fincaelmorisco.com\/?page_id=6554#breadcrumb"},"inLanguage":"de","potentialAction":[{"@type":"ReadAction","target":["https:\/\/fincaelmorisco.com\/?page_id=6554"]}]},{"@type":"ImageObject","inLanguage":"de","@id":"https:\/\/fincaelmorisco.com\/?page_id=6554#primaryimage","url":"https:\/\/fincaelmorisco.com\/wp-content\/uploads\/2021\/04\/Finca-El-Morisco-20-1.jpg","contentUrl":"https:\/\/fincaelmorisco.com\/wp-content\/uploads\/2021\/04\/Finca-El-Morisco-20-1.jpg"},{"@type":"BreadcrumbList","@id":"https:\/\/fincaelmorisco.com\/?page_id=6554#breadcrumb","itemListElement":[{"@type":"ListItem","position":1,"name":"Home","item":"https:\/\/fincaelmorisco.com\/"},{"@type":"ListItem","position":2,"name":"Die K\u00fcchenphilosophie der Finca el Morisco"}]},{"@type":"WebSite","@id":"https:\/\/fincaelmorisco.com\/#website","url":"https:\/\/fincaelmorisco.com\/","name":"Finca el Morisco","description":"Yogaurlaub in Andalusien Finca El Morisco","publisher":{"@id":"https:\/\/fincaelmorisco.com\/#organization"},"potentialAction":[{"@type":"SearchAction","target":{"@type":"EntryPoint","urlTemplate":"https:\/\/fincaelmorisco.com\/?s={search_term_string}"},"query-input":{"@type":"PropertyValueSpecification","valueRequired":true,"valueName":"search_term_string"}}],"inLanguage":"de"},{"@type":"Organization","@id":"https:\/\/fincaelmorisco.com\/#organization","name":"Finca El Morisco","url":"https:\/\/fincaelmorisco.com\/","logo":{"@type":"ImageObject","inLanguage":"de","@id":"https:\/\/fincaelmorisco.com\/#\/schema\/logo\/image\/","url":"https:\/\/fincaelmorisco.com\/wp-content\/uploads\/2022\/02\/Finca-El-Morisco-Logo.png","contentUrl":"https:\/\/fincaelmorisco.com\/wp-content\/uploads\/2022\/02\/Finca-El-Morisco-Logo.png","width":521,"height":123,"caption":"Finca El Morisco"},"image":{"@id":"https:\/\/fincaelmorisco.com\/#\/schema\/logo\/image\/"}}]}},"_links":{"self":[{"href":"https:\/\/fincaelmorisco.com\/index.php?rest_route=\/wp\/v2\/pages\/6554","targetHints":{"allow":["GET"]}}],"collection":[{"href":"https:\/\/fincaelmorisco.com\/index.php?rest_route=\/wp\/v2\/pages"}],"about":[{"href":"https:\/\/fincaelmorisco.com\/index.php?rest_route=\/wp\/v2\/types\/page"}],"author":[{"embeddable":true,"href":"https:\/\/fincaelmorisco.com\/index.php?rest_route=\/wp\/v2\/users\/1"}],"replies":[{"embeddable":true,"href":"https:\/\/fincaelmorisco.com\/index.php?rest_route=%2Fwp%2Fv2%2Fcomments&post=6554"}],"version-history":[{"count":10,"href":"https:\/\/fincaelmorisco.com\/index.php?rest_route=\/wp\/v2\/pages\/6554\/revisions"}],"predecessor-version":[{"id":13073,"href":"https:\/\/fincaelmorisco.com\/index.php?rest_route=\/wp\/v2\/pages\/6554\/revisions\/13073"}],"wp:attachment":[{"href":"https:\/\/fincaelmorisco.com\/index.php?rest_route=%2Fwp%2Fv2%2Fmedia&parent=6554"}],"curies":[{"name":"wp","href":"https:\/\/api.w.org\/{rel}","templated":true}]}}