{"id":6553,"date":"2012-05-20T14:55:43","date_gmt":"2012-05-20T14:55:43","guid":{"rendered":"http:\/\/fincaelmorisco.com.w01a58ea.kasserver.com\/verpflegung\/"},"modified":"2022-11-12T12:31:43","modified_gmt":"2022-11-12T11:31:43","slug":"verpflegung","status":"publish","type":"page","link":"https:\/\/fincaelmorisco.com\/?page_id=6553","title":{"rendered":"Verpflegung"},"content":{"rendered":"\t\t<div data-elementor-type=\"wp-page\" data-elementor-id=\"6553\" class=\"elementor elementor-6553\">\n\t\t\t\t\t\t<section class=\"elementor-section elementor-top-section elementor-element elementor-element-293dca2 elementor-section-boxed elementor-section-height-default elementor-section-height-default\" data-id=\"293dca2\" data-element_type=\"section\" data-e-type=\"section\">\n\t\t\t\t\t\t<div class=\"elementor-container elementor-column-gap-default\">\n\t\t\t\t\t<div class=\"elementor-column elementor-col-100 elementor-top-column elementor-element elementor-element-2060f10\" data-id=\"2060f10\" data-element_type=\"column\" data-e-type=\"column\">\n\t\t\t<div class=\"elementor-widget-wrap elementor-element-populated\">\n\t\t\t\t\t\t<div class=\"elementor-element elementor-element-c5cf1d4 elementor-widget elementor-widget-heading\" data-id=\"c5cf1d4\" data-element_type=\"widget\" data-e-type=\"widget\" data-widget_type=\"heading.default\">\n\t\t\t\t\t<h1 class=\"elementor-heading-title elementor-size-default\">Die Verpflegung auf der Finca el Morisco<\/h1>\t\t\t\t<\/div>\n\t\t\t\t\t<\/div>\n\t\t<\/div>\n\t\t\t\t\t<\/div>\n\t\t<\/section>\n\t\t\t\t<section class=\"elementor-section elementor-top-section elementor-element elementor-element-90d7400 elementor-section-boxed elementor-section-height-default elementor-section-height-default\" data-id=\"90d7400\" data-element_type=\"section\" data-e-type=\"section\">\n\t\t\t\t\t\t<div class=\"elementor-container elementor-column-gap-default\">\n\t\t\t\t\t<div class=\"elementor-column elementor-col-50 elementor-top-column elementor-element elementor-element-4875b0f\" data-id=\"4875b0f\" data-element_type=\"column\" data-e-type=\"column\">\n\t\t\t<div class=\"elementor-widget-wrap elementor-element-populated\">\n\t\t\t\t\t\t<div class=\"elementor-element elementor-element-d471ad4 elementor-invisible elementor-widget elementor-widget-text-editor\" data-id=\"d471ad4\" data-element_type=\"widget\" data-e-type=\"widget\" data-settings=\"{&quot;motion_fx_motion_fx_scrolling&quot;:&quot;yes&quot;,&quot;_animation&quot;:&quot;fadeIn&quot;,&quot;motion_fx_devices&quot;:[&quot;desktop&quot;,&quot;tablet&quot;,&quot;mobile&quot;]}\" data-widget_type=\"text-editor.default\">\n\t\t\t\t\t\t\t\t\t<p>Zum Wohlbefinden der G\u00e4ste und ihrer Seminarleitung tr\u00e4gt die\u00a0abwechslungsreiche und schmackhafte vegetarisch\/vegane K\u00fcche mit frischen Produkten (auch biologischen) aus der Umgebung und Eigenanbau, bei.<br \/>Diese besteht aus einem reichhaltigen Fr\u00fchst\u00fccks- und Abendb\u00fcffet. Mittags stehen Fr\u00fcchte der Saison und ein kaltes Salat-B\u00fcffet bereit.<br \/>Getr\u00e4nke, wie Wasser, frisch gepresster Orangensaft, Bier (auch alkoholfreies) und Wein, sind im Preis inklusive.<br \/>Auch unsere Villa el Morisco G\u00e4ste nehmen ihre Mahlzeiten im Restaurant der Finca ein.<\/p>\t\t\t\t\t\t\t\t<\/div>\n\t\t\t\t\t<\/div>\n\t\t<\/div>\n\t\t\t\t<div class=\"elementor-column elementor-col-50 elementor-top-column elementor-element elementor-element-b6fde16\" data-id=\"b6fde16\" data-element_type=\"column\" data-e-type=\"column\">\n\t\t\t<div class=\"elementor-widget-wrap elementor-element-populated\">\n\t\t\t\t\t\t<div class=\"elementor-element elementor-element-51ebbb9 e-transform elementor-invisible elementor-widget elementor-widget-image\" data-id=\"51ebbb9\" data-element_type=\"widget\" data-e-type=\"widget\" data-settings=\"{&quot;_animation&quot;:&quot;rotateInUpLeft&quot;,&quot;_transform_rotateZ_effect_hover&quot;:{&quot;unit&quot;:&quot;px&quot;,&quot;size&quot;:360,&quot;sizes&quot;:[]},&quot;_transform_rotateZ_effect_hover_tablet&quot;:{&quot;unit&quot;:&quot;deg&quot;,&quot;size&quot;:&quot;&quot;,&quot;sizes&quot;:[]},&quot;_transform_rotateZ_effect_hover_mobile&quot;:{&quot;unit&quot;:&quot;deg&quot;,&quot;size&quot;:&quot;&quot;,&quot;sizes&quot;:[]}}\" data-widget_type=\"image.default\">\n\t\t\t\t\t\t\t\t\t\t\t\t\t\t\t\t<a href=\"https:\/\/fincaelmorisco.com\/wp-content\/uploads\/2022\/01\/TheZhigongExperienceWeek-10.jpeg\" data-elementor-open-lightbox=\"yes\" data-elementor-lightbox-title=\"TheZhigongExperienceWeek-10\" data-e-action-hash=\"#elementor-action%3Aaction%3Dlightbox%26settings%3DeyJpZCI6MTA5NDgsInVybCI6Imh0dHBzOlwvXC9maW5jYWVsbW9yaXNjby5jb21cL3dwLWNvbnRlbnRcL3VwbG9hZHNcLzIwMjJcLzAxXC9UaGVaaGlnb25nRXhwZXJpZW5jZVdlZWstMTAuanBlZyJ9\">\n\t\t\t\t\t\t\t<img fetchpriority=\"high\" decoding=\"async\" width=\"1024\" height=\"768\" src=\"https:\/\/fincaelmorisco.com\/wp-content\/uploads\/2022\/01\/TheZhigongExperienceWeek-10-1024x768.jpeg\" class=\"attachment-large size-large wp-image-10948\" alt=\"\" srcset=\"https:\/\/fincaelmorisco.com\/wp-content\/uploads\/2022\/01\/TheZhigongExperienceWeek-10-1024x768.jpeg 1024w, https:\/\/fincaelmorisco.com\/wp-content\/uploads\/2022\/01\/TheZhigongExperienceWeek-10-300x225.jpeg 300w, https:\/\/fincaelmorisco.com\/wp-content\/uploads\/2022\/01\/TheZhigongExperienceWeek-10-768x576.jpeg 768w, https:\/\/fincaelmorisco.com\/wp-content\/uploads\/2022\/01\/TheZhigongExperienceWeek-10-1536x1152.jpeg 1536w, https:\/\/fincaelmorisco.com\/wp-content\/uploads\/2022\/01\/TheZhigongExperienceWeek-10-380x285.jpeg 380w, https:\/\/fincaelmorisco.com\/wp-content\/uploads\/2022\/01\/TheZhigongExperienceWeek-10-285x214.jpeg 285w, https:\/\/fincaelmorisco.com\/wp-content\/uploads\/2022\/01\/TheZhigongExperienceWeek-10.jpeg 1920w\" sizes=\"(max-width: 1024px) 100vw, 1024px\" \/>\t\t\t\t\t\t\t\t<\/a>\n\t\t\t\t\t\t\t\t\t\t\t\t\t\t\t<\/div>\n\t\t\t\t\t<\/div>\n\t\t<\/div>\n\t\t\t\t\t<\/div>\n\t\t<\/section>\n\t\t\t\t<\/div>\n\t\t","protected":false},"excerpt":{"rendered":"<p>Die Verpflegung auf der Finca el Morisco Zum Wohlbefinden der G\u00e4ste und ihrer Seminarleitung tr\u00e4gt die\u00a0abwechslungsreiche und schmackhafte vegetarisch\/vegane K\u00fcche mit frischen Produkten (auch biologischen) aus der Umgebung und Eigenanbau, bei.Diese besteht aus einem reichhaltigen Fr\u00fchst\u00fccks- und Abendb\u00fcffet. Mittags stehen <a class=\"more-link\" href=\"https:\/\/fincaelmorisco.com\/?page_id=6553\">weiterlesen&#8230;<\/a><\/p>\n","protected":false},"author":1,"featured_media":0,"parent":0,"menu_order":11,"comment_status":"closed","ping_status":"closed","template":"","meta":{"_exactmetrics_skip_tracking":false,"_exactmetrics_sitenote_active":false,"_exactmetrics_sitenote_note":"","_exactmetrics_sitenote_category":0,"footnotes":""},"class_list":["post-6553","page","type-page","status-publish","hentry"],"yoast_head":"<!-- This site is optimized with the Yoast SEO plugin v27.4 - https:\/\/yoast.com\/product\/yoast-seo-wordpress\/ -->\n<title>Verpflegung - Finca el Morisco<\/title>\n<meta name=\"description\" content=\"Auf der Finca El Morisco bekommen unsere G\u00e4ste, um ihr Wohlbefinden entgegen zu kommen, eine sehr abwechslungsreiche u. schmackackhafte veganische K\u00fcche\" \/>\n<meta name=\"robots\" content=\"index, follow, max-snippet:-1, max-image-preview:large, max-video-preview:-1\" \/>\n<link rel=\"canonical\" href=\"https:\/\/fincaelmorisco.com\/?page_id=6553\" \/>\n<meta property=\"og:locale\" content=\"de_DE\" \/>\n<meta property=\"og:type\" content=\"article\" \/>\n<meta property=\"og:title\" content=\"Verpflegung - Finca el Morisco\" \/>\n<meta property=\"og:description\" content=\"Auf der Finca El Morisco bekommen unsere G\u00e4ste, um ihr Wohlbefinden entgegen zu kommen, eine sehr abwechslungsreiche u. schmackackhafte veganische K\u00fcche\" \/>\n<meta property=\"og:url\" content=\"https:\/\/fincaelmorisco.com\/?page_id=6553\" \/>\n<meta property=\"og:site_name\" content=\"Finca el Morisco\" \/>\n<meta property=\"article:modified_time\" content=\"2022-11-12T11:31:43+00:00\" \/>\n<meta property=\"og:image\" content=\"https:\/\/fincaelmorisco.com\/wp-content\/uploads\/2022\/01\/TheZhigongExperienceWeek-10-1024x768.jpeg\" \/>\n<meta name=\"twitter:card\" content=\"summary_large_image\" \/>\n<meta name=\"twitter:label1\" content=\"Gesch\u00e4tzte Lesezeit\" \/>\n\t<meta name=\"twitter:data1\" content=\"1\u00a0Minute\" \/>\n<script type=\"application\/ld+json\" class=\"yoast-schema-graph\">{\"@context\":\"https:\\\/\\\/schema.org\",\"@graph\":[{\"@type\":\"WebPage\",\"@id\":\"https:\\\/\\\/fincaelmorisco.com\\\/?page_id=6553\",\"url\":\"https:\\\/\\\/fincaelmorisco.com\\\/?page_id=6553\",\"name\":\"Verpflegung - Finca el Morisco\",\"isPartOf\":{\"@id\":\"https:\\\/\\\/fincaelmorisco.com\\\/#website\"},\"primaryImageOfPage\":{\"@id\":\"https:\\\/\\\/fincaelmorisco.com\\\/?page_id=6553#primaryimage\"},\"image\":{\"@id\":\"https:\\\/\\\/fincaelmorisco.com\\\/?page_id=6553#primaryimage\"},\"thumbnailUrl\":\"https:\\\/\\\/fincaelmorisco.com\\\/wp-content\\\/uploads\\\/2022\\\/01\\\/TheZhigongExperienceWeek-10-1024x768.jpeg\",\"datePublished\":\"2012-05-20T14:55:43+00:00\",\"dateModified\":\"2022-11-12T11:31:43+00:00\",\"description\":\"Auf der Finca El Morisco bekommen unsere G\u00e4ste, um ihr Wohlbefinden entgegen zu kommen, eine sehr abwechslungsreiche u. schmackackhafte veganische K\u00fcche\",\"breadcrumb\":{\"@id\":\"https:\\\/\\\/fincaelmorisco.com\\\/?page_id=6553#breadcrumb\"},\"inLanguage\":\"de\",\"potentialAction\":[{\"@type\":\"ReadAction\",\"target\":[\"https:\\\/\\\/fincaelmorisco.com\\\/?page_id=6553\"]}]},{\"@type\":\"ImageObject\",\"inLanguage\":\"de\",\"@id\":\"https:\\\/\\\/fincaelmorisco.com\\\/?page_id=6553#primaryimage\",\"url\":\"https:\\\/\\\/fincaelmorisco.com\\\/wp-content\\\/uploads\\\/2022\\\/01\\\/TheZhigongExperienceWeek-10.jpeg\",\"contentUrl\":\"https:\\\/\\\/fincaelmorisco.com\\\/wp-content\\\/uploads\\\/2022\\\/01\\\/TheZhigongExperienceWeek-10.jpeg\",\"width\":1920,\"height\":1440},{\"@type\":\"BreadcrumbList\",\"@id\":\"https:\\\/\\\/fincaelmorisco.com\\\/?page_id=6553#breadcrumb\",\"itemListElement\":[{\"@type\":\"ListItem\",\"position\":1,\"name\":\"Home\",\"item\":\"https:\\\/\\\/fincaelmorisco.com\\\/\"},{\"@type\":\"ListItem\",\"position\":2,\"name\":\"Verpflegung\"}]},{\"@type\":\"WebSite\",\"@id\":\"https:\\\/\\\/fincaelmorisco.com\\\/#website\",\"url\":\"https:\\\/\\\/fincaelmorisco.com\\\/\",\"name\":\"Finca el Morisco\",\"description\":\"Yogaurlaub in Andalusien Finca El Morisco\",\"publisher\":{\"@id\":\"https:\\\/\\\/fincaelmorisco.com\\\/#organization\"},\"potentialAction\":[{\"@type\":\"SearchAction\",\"target\":{\"@type\":\"EntryPoint\",\"urlTemplate\":\"https:\\\/\\\/fincaelmorisco.com\\\/?s={search_term_string}\"},\"query-input\":{\"@type\":\"PropertyValueSpecification\",\"valueRequired\":true,\"valueName\":\"search_term_string\"}}],\"inLanguage\":\"de\"},{\"@type\":\"Organization\",\"@id\":\"https:\\\/\\\/fincaelmorisco.com\\\/#organization\",\"name\":\"Finca El Morisco\",\"url\":\"https:\\\/\\\/fincaelmorisco.com\\\/\",\"logo\":{\"@type\":\"ImageObject\",\"inLanguage\":\"de\",\"@id\":\"https:\\\/\\\/fincaelmorisco.com\\\/#\\\/schema\\\/logo\\\/image\\\/\",\"url\":\"https:\\\/\\\/fincaelmorisco.com\\\/wp-content\\\/uploads\\\/2022\\\/02\\\/Finca-El-Morisco-Logo.png\",\"contentUrl\":\"https:\\\/\\\/fincaelmorisco.com\\\/wp-content\\\/uploads\\\/2022\\\/02\\\/Finca-El-Morisco-Logo.png\",\"width\":521,\"height\":123,\"caption\":\"Finca El Morisco\"},\"image\":{\"@id\":\"https:\\\/\\\/fincaelmorisco.com\\\/#\\\/schema\\\/logo\\\/image\\\/\"}}]}<\/script>\n<!-- \/ Yoast SEO plugin. -->","yoast_head_json":{"title":"Verpflegung - Finca el Morisco","description":"Auf der Finca El Morisco bekommen unsere G\u00e4ste, um ihr Wohlbefinden entgegen zu kommen, eine sehr abwechslungsreiche u. schmackackhafte veganische K\u00fcche","robots":{"index":"index","follow":"follow","max-snippet":"max-snippet:-1","max-image-preview":"max-image-preview:large","max-video-preview":"max-video-preview:-1"},"canonical":"https:\/\/fincaelmorisco.com\/?page_id=6553","og_locale":"de_DE","og_type":"article","og_title":"Verpflegung - Finca el Morisco","og_description":"Auf der Finca El Morisco bekommen unsere G\u00e4ste, um ihr Wohlbefinden entgegen zu kommen, eine sehr abwechslungsreiche u. schmackackhafte veganische K\u00fcche","og_url":"https:\/\/fincaelmorisco.com\/?page_id=6553","og_site_name":"Finca el Morisco","article_modified_time":"2022-11-12T11:31:43+00:00","og_image":[{"url":"https:\/\/fincaelmorisco.com\/wp-content\/uploads\/2022\/01\/TheZhigongExperienceWeek-10-1024x768.jpeg","type":"","width":"","height":""}],"twitter_card":"summary_large_image","twitter_misc":{"Gesch\u00e4tzte Lesezeit":"1\u00a0Minute"},"schema":{"@context":"https:\/\/schema.org","@graph":[{"@type":"WebPage","@id":"https:\/\/fincaelmorisco.com\/?page_id=6553","url":"https:\/\/fincaelmorisco.com\/?page_id=6553","name":"Verpflegung - Finca el Morisco","isPartOf":{"@id":"https:\/\/fincaelmorisco.com\/#website"},"primaryImageOfPage":{"@id":"https:\/\/fincaelmorisco.com\/?page_id=6553#primaryimage"},"image":{"@id":"https:\/\/fincaelmorisco.com\/?page_id=6553#primaryimage"},"thumbnailUrl":"https:\/\/fincaelmorisco.com\/wp-content\/uploads\/2022\/01\/TheZhigongExperienceWeek-10-1024x768.jpeg","datePublished":"2012-05-20T14:55:43+00:00","dateModified":"2022-11-12T11:31:43+00:00","description":"Auf der Finca El Morisco bekommen unsere G\u00e4ste, um ihr Wohlbefinden entgegen zu kommen, eine sehr abwechslungsreiche u. schmackackhafte veganische K\u00fcche","breadcrumb":{"@id":"https:\/\/fincaelmorisco.com\/?page_id=6553#breadcrumb"},"inLanguage":"de","potentialAction":[{"@type":"ReadAction","target":["https:\/\/fincaelmorisco.com\/?page_id=6553"]}]},{"@type":"ImageObject","inLanguage":"de","@id":"https:\/\/fincaelmorisco.com\/?page_id=6553#primaryimage","url":"https:\/\/fincaelmorisco.com\/wp-content\/uploads\/2022\/01\/TheZhigongExperienceWeek-10.jpeg","contentUrl":"https:\/\/fincaelmorisco.com\/wp-content\/uploads\/2022\/01\/TheZhigongExperienceWeek-10.jpeg","width":1920,"height":1440},{"@type":"BreadcrumbList","@id":"https:\/\/fincaelmorisco.com\/?page_id=6553#breadcrumb","itemListElement":[{"@type":"ListItem","position":1,"name":"Home","item":"https:\/\/fincaelmorisco.com\/"},{"@type":"ListItem","position":2,"name":"Verpflegung"}]},{"@type":"WebSite","@id":"https:\/\/fincaelmorisco.com\/#website","url":"https:\/\/fincaelmorisco.com\/","name":"Finca el Morisco","description":"Yogaurlaub in Andalusien Finca El Morisco","publisher":{"@id":"https:\/\/fincaelmorisco.com\/#organization"},"potentialAction":[{"@type":"SearchAction","target":{"@type":"EntryPoint","urlTemplate":"https:\/\/fincaelmorisco.com\/?s={search_term_string}"},"query-input":{"@type":"PropertyValueSpecification","valueRequired":true,"valueName":"search_term_string"}}],"inLanguage":"de"},{"@type":"Organization","@id":"https:\/\/fincaelmorisco.com\/#organization","name":"Finca El Morisco","url":"https:\/\/fincaelmorisco.com\/","logo":{"@type":"ImageObject","inLanguage":"de","@id":"https:\/\/fincaelmorisco.com\/#\/schema\/logo\/image\/","url":"https:\/\/fincaelmorisco.com\/wp-content\/uploads\/2022\/02\/Finca-El-Morisco-Logo.png","contentUrl":"https:\/\/fincaelmorisco.com\/wp-content\/uploads\/2022\/02\/Finca-El-Morisco-Logo.png","width":521,"height":123,"caption":"Finca El Morisco"},"image":{"@id":"https:\/\/fincaelmorisco.com\/#\/schema\/logo\/image\/"}}]}},"_links":{"self":[{"href":"https:\/\/fincaelmorisco.com\/index.php?rest_route=\/wp\/v2\/pages\/6553","targetHints":{"allow":["GET"]}}],"collection":[{"href":"https:\/\/fincaelmorisco.com\/index.php?rest_route=\/wp\/v2\/pages"}],"about":[{"href":"https:\/\/fincaelmorisco.com\/index.php?rest_route=\/wp\/v2\/types\/page"}],"author":[{"embeddable":true,"href":"https:\/\/fincaelmorisco.com\/index.php?rest_route=\/wp\/v2\/users\/1"}],"replies":[{"embeddable":true,"href":"https:\/\/fincaelmorisco.com\/index.php?rest_route=%2Fwp%2Fv2%2Fcomments&post=6553"}],"version-history":[{"count":10,"href":"https:\/\/fincaelmorisco.com\/index.php?rest_route=\/wp\/v2\/pages\/6553\/revisions"}],"predecessor-version":[{"id":13116,"href":"https:\/\/fincaelmorisco.com\/index.php?rest_route=\/wp\/v2\/pages\/6553\/revisions\/13116"}],"wp:attachment":[{"href":"https:\/\/fincaelmorisco.com\/index.php?rest_route=%2Fwp%2Fv2%2Fmedia&parent=6553"}],"curies":[{"name":"wp","href":"https:\/\/api.w.org\/{rel}","templated":true}]}}