{"id":5279,"date":"2019-11-27T22:28:32","date_gmt":"2019-11-27T22:28:32","guid":{"rendered":"http:\/\/fincaelmorisco.com.w01a58ea.kasserver.com\/inicio"},"modified":"2026-02-06T12:03:46","modified_gmt":"2026-02-06T11:03:46","slug":"inicio","status":"publish","type":"page","link":"https:\/\/fincaelmorisco.com\/","title":{"rendered":"Start"},"content":{"rendered":"\t\t<div data-elementor-type=\"wp-page\" data-elementor-id=\"5279\" class=\"elementor elementor-5279\">\n\t\t\t\t\t\t<section class=\"elementor-section elementor-top-section elementor-element elementor-element-4f35696 elementor-section-boxed elementor-section-height-default elementor-section-height-default\" data-id=\"4f35696\" data-element_type=\"section\" data-e-type=\"section\">\n\t\t\t\t\t\t<div class=\"elementor-container elementor-column-gap-default\">\n\t\t\t\t\t<div class=\"elementor-column elementor-col-100 elementor-top-column elementor-element elementor-element-0218d3d\" data-id=\"0218d3d\" data-element_type=\"column\" data-e-type=\"column\">\n\t\t\t<div class=\"elementor-widget-wrap elementor-element-populated\">\n\t\t\t\t\t\t<div class=\"elementor-element elementor-element-4904600 elementor-widget elementor-widget-heading\" data-id=\"4904600\" data-element_type=\"widget\" data-e-type=\"widget\" data-widget_type=\"heading.default\">\n\t\t\t\t\t<h2 class=\"elementor-heading-title elementor-size-default\">Herzlich willkommen auf der Finca el Morisco!<\/h2>\t\t\t\t<\/div>\n\t\t\t\t\t<\/div>\n\t\t<\/div>\n\t\t\t\t\t<\/div>\n\t\t<\/section>\n\t\t\t\t<section class=\"elementor-section elementor-top-section elementor-element elementor-element-203ef1d elementor-section-boxed elementor-section-height-default elementor-section-height-default\" data-id=\"203ef1d\" data-element_type=\"section\" data-e-type=\"section\">\n\t\t\t\t\t\t<div class=\"elementor-container elementor-column-gap-default\">\n\t\t\t\t\t<div class=\"elementor-column elementor-col-100 elementor-top-column elementor-element elementor-element-821e829\" data-id=\"821e829\" data-element_type=\"column\" data-e-type=\"column\">\n\t\t\t<div class=\"elementor-widget-wrap elementor-element-populated\">\n\t\t\t\t\t\t<div class=\"elementor-element elementor-element-82d73c4 elementor-invisible elementor-widget elementor-widget-text-editor\" data-id=\"82d73c4\" data-element_type=\"widget\" data-e-type=\"widget\" data-settings=\"{&quot;_animation&quot;:&quot;slideInUp&quot;}\" data-widget_type=\"text-editor.default\">\n\t\t\t\t\t\t\t\t\t<p>Die Finca el Morisco liegt nahe der andalusischen K\u00fcste (1,5 Km zum Strand), etwa 20 km \u00f6stlich von M\u00e1laga auf einer 7 ha gro\u00dfen Biofinca, inmitten von mehr als tausend Mango- Oliven- Orangen- Avocado- und Chirimoyab\u00e4umen.<\/p>\n<p>Auf demselben Gel\u00e4nde befinden sich auch unsere beiden anderen Seminaranlagen&nbsp;<a href=\"http:\/\/www.casaelmorisco.com\/\"><strong>www.casaelmorisco.com<\/strong><\/a>&nbsp;und&nbsp;<a href=\"http:\/\/www.villaelmorisco.com\/\"><strong>www.villaelmorisco.com<\/strong><\/a>&nbsp;.<\/p>\n<p>In 45 Autominuten (40 km Autobahn) gelangst Du vom drittgr\u00f6\u00dften Flughafen Spaniens in M\u00e1laga direkt zu uns auf die Morisco-Anlage.<\/p>\n<p><span style=\"font-size: 18px; letter-spacing: 0px;\">Wir freuen uns auf Euren Besuch!<\/span><\/p><p>\u00a1Hasta pronto! Euer Morisco-Team<\/p>\t\t\t\t\t\t\t\t<\/div>\n\t\t\t\t\t<\/div>\n\t\t<\/div>\n\t\t\t\t\t<\/div>\n\t\t<\/section>\n\t\t\t\t<\/div>\n\t\t","protected":false},"excerpt":{"rendered":"<p>Herzlich willkommen auf der Finca el Morisco! Die Finca el Morisco liegt nahe der andalusischen K\u00fcste (1,5 Km zum Strand), etwa 20 km \u00f6stlich von M\u00e1laga auf einer 7 ha gro\u00dfen Biofinca, inmitten von mehr als tausend Mango- Oliven- Orangen- <a class=\"more-link\" href=\"https:\/\/fincaelmorisco.com\/\">weiterlesen&#8230;<\/a><\/p>\n","protected":false},"author":1,"featured_media":0,"parent":0,"menu_order":1,"comment_status":"closed","ping_status":"closed","template":"elementor_theme","meta":{"_exactmetrics_skip_tracking":false,"_exactmetrics_sitenote_active":false,"_exactmetrics_sitenote_note":"","_exactmetrics_sitenote_category":0,"footnotes":""},"class_list":["post-5279","page","type-page","status-publish","hentry"],"yoast_head":"<!-- This site is optimized with the Yoast SEO plugin v27.5 - https:\/\/yoast.com\/product\/yoast-seo-wordpress\/ -->\n<title>Start - Finca el Morisco<\/title>\n<meta name=\"robots\" content=\"index, follow, max-snippet:-1, max-image-preview:large, max-video-preview:-1\" \/>\n<link rel=\"canonical\" href=\"https:\/\/fincaelmorisco.com\/\" \/>\n<meta property=\"og:locale\" content=\"de_DE\" \/>\n<meta property=\"og:type\" content=\"article\" \/>\n<meta property=\"og:title\" content=\"Start - Finca el Morisco\" \/>\n<meta property=\"og:description\" content=\"Herzlich willkommen auf der Finca el Morisco! Die Finca el Morisco liegt nahe der andalusischen K\u00fcste (1,5 Km zum Strand), etwa 20 km \u00f6stlich von M\u00e1laga auf einer 7 ha gro\u00dfen Biofinca, inmitten von mehr als tausend Mango- Oliven- Orangen- weiterlesen...\" \/>\n<meta property=\"og:url\" content=\"https:\/\/fincaelmorisco.com\/\" \/>\n<meta property=\"og:site_name\" content=\"Finca el Morisco\" \/>\n<meta property=\"article:modified_time\" content=\"2026-02-06T11:03:46+00:00\" \/>\n<meta name=\"twitter:card\" content=\"summary_large_image\" \/>\n<meta name=\"twitter:label1\" content=\"Gesch\u00e4tzte Lesezeit\" \/>\n\t<meta name=\"twitter:data1\" content=\"1\u00a0Minute\" \/>\n<script type=\"application\/ld+json\" class=\"yoast-schema-graph\">{\"@context\":\"https:\\\/\\\/schema.org\",\"@graph\":[{\"@type\":\"WebPage\",\"@id\":\"https:\\\/\\\/fincaelmorisco.com\\\/\",\"url\":\"https:\\\/\\\/fincaelmorisco.com\\\/\",\"name\":\"Start - Finca el Morisco\",\"isPartOf\":{\"@id\":\"https:\\\/\\\/fincaelmorisco.com\\\/#website\"},\"datePublished\":\"2019-11-27T22:28:32+00:00\",\"dateModified\":\"2026-02-06T11:03:46+00:00\",\"breadcrumb\":{\"@id\":\"https:\\\/\\\/fincaelmorisco.com\\\/#breadcrumb\"},\"inLanguage\":\"de\",\"potentialAction\":[{\"@type\":\"ReadAction\",\"target\":[\"https:\\\/\\\/fincaelmorisco.com\\\/\"]}]},{\"@type\":\"BreadcrumbList\",\"@id\":\"https:\\\/\\\/fincaelmorisco.com\\\/#breadcrumb\",\"itemListElement\":[{\"@type\":\"ListItem\",\"position\":1,\"name\":\"Home\",\"item\":\"https:\\\/\\\/fincaelmorisco.com\\\/\"},{\"@type\":\"ListItem\",\"position\":2,\"name\":\"Start\"}]},{\"@type\":\"WebSite\",\"@id\":\"https:\\\/\\\/fincaelmorisco.com\\\/#website\",\"url\":\"https:\\\/\\\/fincaelmorisco.com\\\/\",\"name\":\"Finca el Morisco\",\"description\":\"Yogaurlaub in Andalusien Finca El Morisco\",\"publisher\":{\"@id\":\"https:\\\/\\\/fincaelmorisco.com\\\/#organization\"},\"potentialAction\":[{\"@type\":\"SearchAction\",\"target\":{\"@type\":\"EntryPoint\",\"urlTemplate\":\"https:\\\/\\\/fincaelmorisco.com\\\/?s={search_term_string}\"},\"query-input\":{\"@type\":\"PropertyValueSpecification\",\"valueRequired\":true,\"valueName\":\"search_term_string\"}}],\"inLanguage\":\"de\"},{\"@type\":\"Organization\",\"@id\":\"https:\\\/\\\/fincaelmorisco.com\\\/#organization\",\"name\":\"Finca El Morisco\",\"url\":\"https:\\\/\\\/fincaelmorisco.com\\\/\",\"logo\":{\"@type\":\"ImageObject\",\"inLanguage\":\"de\",\"@id\":\"https:\\\/\\\/fincaelmorisco.com\\\/#\\\/schema\\\/logo\\\/image\\\/\",\"url\":\"https:\\\/\\\/fincaelmorisco.com\\\/wp-content\\\/uploads\\\/2022\\\/02\\\/Finca-El-Morisco-Logo.png\",\"contentUrl\":\"https:\\\/\\\/fincaelmorisco.com\\\/wp-content\\\/uploads\\\/2022\\\/02\\\/Finca-El-Morisco-Logo.png\",\"width\":521,\"height\":123,\"caption\":\"Finca El Morisco\"},\"image\":{\"@id\":\"https:\\\/\\\/fincaelmorisco.com\\\/#\\\/schema\\\/logo\\\/image\\\/\"}}]}<\/script>\n<!-- \/ Yoast SEO plugin. -->","yoast_head_json":{"title":"Start - Finca el Morisco","robots":{"index":"index","follow":"follow","max-snippet":"max-snippet:-1","max-image-preview":"max-image-preview:large","max-video-preview":"max-video-preview:-1"},"canonical":"https:\/\/fincaelmorisco.com\/","og_locale":"de_DE","og_type":"article","og_title":"Start - Finca el Morisco","og_description":"Herzlich willkommen auf der Finca el Morisco! Die Finca el Morisco liegt nahe der andalusischen K\u00fcste (1,5 Km zum Strand), etwa 20 km \u00f6stlich von M\u00e1laga auf einer 7 ha gro\u00dfen Biofinca, inmitten von mehr als tausend Mango- Oliven- Orangen- weiterlesen...","og_url":"https:\/\/fincaelmorisco.com\/","og_site_name":"Finca el Morisco","article_modified_time":"2026-02-06T11:03:46+00:00","twitter_card":"summary_large_image","twitter_misc":{"Gesch\u00e4tzte Lesezeit":"1\u00a0Minute"},"schema":{"@context":"https:\/\/schema.org","@graph":[{"@type":"WebPage","@id":"https:\/\/fincaelmorisco.com\/","url":"https:\/\/fincaelmorisco.com\/","name":"Start - Finca el Morisco","isPartOf":{"@id":"https:\/\/fincaelmorisco.com\/#website"},"datePublished":"2019-11-27T22:28:32+00:00","dateModified":"2026-02-06T11:03:46+00:00","breadcrumb":{"@id":"https:\/\/fincaelmorisco.com\/#breadcrumb"},"inLanguage":"de","potentialAction":[{"@type":"ReadAction","target":["https:\/\/fincaelmorisco.com\/"]}]},{"@type":"BreadcrumbList","@id":"https:\/\/fincaelmorisco.com\/#breadcrumb","itemListElement":[{"@type":"ListItem","position":1,"name":"Home","item":"https:\/\/fincaelmorisco.com\/"},{"@type":"ListItem","position":2,"name":"Start"}]},{"@type":"WebSite","@id":"https:\/\/fincaelmorisco.com\/#website","url":"https:\/\/fincaelmorisco.com\/","name":"Finca el Morisco","description":"Yogaurlaub in Andalusien Finca El Morisco","publisher":{"@id":"https:\/\/fincaelmorisco.com\/#organization"},"potentialAction":[{"@type":"SearchAction","target":{"@type":"EntryPoint","urlTemplate":"https:\/\/fincaelmorisco.com\/?s={search_term_string}"},"query-input":{"@type":"PropertyValueSpecification","valueRequired":true,"valueName":"search_term_string"}}],"inLanguage":"de"},{"@type":"Organization","@id":"https:\/\/fincaelmorisco.com\/#organization","name":"Finca El Morisco","url":"https:\/\/fincaelmorisco.com\/","logo":{"@type":"ImageObject","inLanguage":"de","@id":"https:\/\/fincaelmorisco.com\/#\/schema\/logo\/image\/","url":"https:\/\/fincaelmorisco.com\/wp-content\/uploads\/2022\/02\/Finca-El-Morisco-Logo.png","contentUrl":"https:\/\/fincaelmorisco.com\/wp-content\/uploads\/2022\/02\/Finca-El-Morisco-Logo.png","width":521,"height":123,"caption":"Finca El Morisco"},"image":{"@id":"https:\/\/fincaelmorisco.com\/#\/schema\/logo\/image\/"}}]}},"_links":{"self":[{"href":"https:\/\/fincaelmorisco.com\/index.php?rest_route=\/wp\/v2\/pages\/5279","targetHints":{"allow":["GET"]}}],"collection":[{"href":"https:\/\/fincaelmorisco.com\/index.php?rest_route=\/wp\/v2\/pages"}],"about":[{"href":"https:\/\/fincaelmorisco.com\/index.php?rest_route=\/wp\/v2\/types\/page"}],"author":[{"embeddable":true,"href":"https:\/\/fincaelmorisco.com\/index.php?rest_route=\/wp\/v2\/users\/1"}],"replies":[{"embeddable":true,"href":"https:\/\/fincaelmorisco.com\/index.php?rest_route=%2Fwp%2Fv2%2Fcomments&post=5279"}],"version-history":[{"count":25,"href":"https:\/\/fincaelmorisco.com\/index.php?rest_route=\/wp\/v2\/pages\/5279\/revisions"}],"predecessor-version":[{"id":15651,"href":"https:\/\/fincaelmorisco.com\/index.php?rest_route=\/wp\/v2\/pages\/5279\/revisions\/15651"}],"wp:attachment":[{"href":"https:\/\/fincaelmorisco.com\/index.php?rest_route=%2Fwp%2Fv2%2Fmedia&parent=5279"}],"curies":[{"name":"wp","href":"https:\/\/api.w.org\/{rel}","templated":true}]}}