{"id":15,"date":"2012-05-20T15:18:32","date_gmt":"2012-05-20T15:18:32","guid":{"rendered":"http:\/\/fincaelmorisco.com.w01a58ea.kasserver.com\/infogruppenleiter\/"},"modified":"2026-02-08T19:21:08","modified_gmt":"2026-02-08T18:21:08","slug":"infogruppenleiter","status":"publish","type":"page","link":"https:\/\/fincaelmorisco.com\/?page_id=15","title":{"rendered":"Informationen f\u00fcr KursleiterInnen"},"content":{"rendered":"\t\t<div data-elementor-type=\"wp-page\" data-elementor-id=\"15\" class=\"elementor elementor-15\">\n\t\t\t\t\t\t<section class=\"elementor-section elementor-top-section elementor-element elementor-element-b67dc70 elementor-section-boxed elementor-section-height-default elementor-section-height-default\" data-id=\"b67dc70\" data-element_type=\"section\" data-e-type=\"section\">\n\t\t\t\t\t\t<div class=\"elementor-container elementor-column-gap-default\">\n\t\t\t\t\t<div class=\"elementor-column elementor-col-100 elementor-top-column elementor-element elementor-element-0668f7e\" data-id=\"0668f7e\" data-element_type=\"column\" data-e-type=\"column\">\n\t\t\t<div class=\"elementor-widget-wrap elementor-element-populated\">\n\t\t\t\t\t\t<div class=\"elementor-element elementor-element-1f4aefa elementor-widget elementor-widget-heading\" data-id=\"1f4aefa\" data-element_type=\"widget\" data-e-type=\"widget\" data-widget_type=\"heading.default\">\n\t\t\t\t\t<h2 class=\"elementor-heading-title elementor-size-default\">Informationen f\u00fcr KursleiterInnen<\/h2>\t\t\t\t<\/div>\n\t\t\t\t\t<\/div>\n\t\t<\/div>\n\t\t\t\t\t<\/div>\n\t\t<\/section>\n\t\t\t\t<section class=\"elementor-section elementor-top-section elementor-element elementor-element-67f6975a elementor-section-boxed elementor-section-height-default elementor-section-height-default\" data-id=\"67f6975a\" data-element_type=\"section\" data-e-type=\"section\">\n\t\t\t\t\t\t<div class=\"elementor-container elementor-column-gap-default\">\n\t\t\t\t\t<div class=\"elementor-column elementor-col-100 elementor-top-column elementor-element elementor-element-bfc0bdc\" data-id=\"bfc0bdc\" data-element_type=\"column\" data-e-type=\"column\">\n\t\t\t<div class=\"elementor-widget-wrap elementor-element-populated\">\n\t\t\t\t\t\t<div class=\"elementor-element elementor-element-138b32de elementor-widget elementor-widget-text-editor\" data-id=\"138b32de\" data-element_type=\"widget\" data-e-type=\"widget\" data-widget_type=\"text-editor.default\">\n\t\t\t\t\t\t\t\t\t<p><strong>F\u00fcr Gruppen, die auf unserer biologisch bewirtschafteten Finca el Morisco Urlaubs-Seminare in einer mediterranen Umgebung buchen wollen, stellen wir ein Pauschal-Arrangement bereit.<\/strong><\/p>\t\t\t\t\t\t\t\t<\/div>\n\t\t\t\t<div class=\"elementor-element elementor-element-543bb50 elementor-widget elementor-widget-text-editor\" data-id=\"543bb50\" data-element_type=\"widget\" data-e-type=\"widget\" data-widget_type=\"text-editor.default\">\n\t\t\t\t\t\t\t\t\t<p><strong>Leistungen und Preise 2026 &amp; 2027:<\/strong><\/p>\t\t\t\t\t\t\t\t<\/div>\n\t\t\t\t<div class=\"elementor-element elementor-element-a23825b elementor-widget elementor-widget-text-editor\" data-id=\"a23825b\" data-element_type=\"widget\" data-e-type=\"widget\" data-widget_type=\"text-editor.default\">\n\t\t\t\t\t\t\t\t\t<ul>\n<li>Dein Kurs sollte mindestens 20 zahlende Teilnehmer haben.<\/li>\n<li>Seminarraum-Nutzung inklusive von Sonntag 18 Uhr bis Sonntag 10 Uhr<\/li>\n<li>Standardausr\u00fcstung an Yogahilfsmitteln: Yogamatten, Meditationskissen, Yogagurte, Decken, sowie verschiedene Yogabl\u00f6cke (22x11x7cm) + (40x20x13cm)<\/li>\n<li>Vegetarisch\/vegane Vollverpflegung auch aus Bioanbau (inkl. Getr\u00e4nke)<\/li>\n<li>B\u00fcffet: Fr\u00fchst\u00fcck 10 bis 11 Uhr, tags\u00fcber offenes B\u00fcffet, Abendb\u00fcffet 19 bis 20 Uhr.<\/li>\n<li>Sonntags: 5x Gratistransfer zum\/vom Flughafen M\u00e1laga zwischen 7 und 20 Uhr.<\/li>\n<li>Auf Wunsch 1 Saunaabend inklusive.<\/li>\n<li>Wenn du deinen Kurs absagst oder mit weniger als 20 Teilnehmern zu uns kommst, m\u00fcssen wir alle vorreservierten Wochen neu verhandeln.<\/li>\n<\/ul>\t\t\t\t\t\t\t\t<\/div>\n\t\t\t\t<div class=\"elementor-element elementor-element-2b23d83 elementor-widget elementor-widget-text-editor\" data-id=\"2b23d83\" data-element_type=\"widget\" data-e-type=\"widget\" data-widget_type=\"text-editor.default\">\n\t\t\t\t\t\t\t\t\t<p><b>So wird deine Reservierung verbindlich:<\/b><\/p><p>Nach schriftlicher Best\u00e4tigung deiner Reservierung, bitten wir innerhalb von 10 Tagen um eine Anzahlung die wir einbehalten solltest du deine Reservierung stornieren.<\/p>\t\t\t\t\t\t\t\t<\/div>\n\t\t\t\t<div class=\"elementor-element elementor-element-2140765 elementor-widget elementor-widget-text-editor\" data-id=\"2140765\" data-element_type=\"widget\" data-e-type=\"widget\" data-widget_type=\"text-editor.default\">\n\t\t\t\t\t\t\t\t\t<p><strong>Zimmerkontingent und Preise 2026 &amp; 2027:<br \/><\/strong>(alle Zimmer sind mit einer Klimaanlage ausgestattet):<\/p>\t\t\t\t\t\t\t\t<\/div>\n\t\t\t\t<div class=\"elementor-element elementor-element-b6d6a6f elementor-widget__width-initial elementor-widget elementor-widget-text-editor\" data-id=\"b6d6a6f\" data-element_type=\"widget\" data-e-type=\"widget\" data-widget_type=\"text-editor.default\">\n\t\t\t\t\t\t\t\t\t<p>15 Zweibettzimmer mit je 2 Einzelbetten<\/p>\n<p style=\"padding-left: 40px;\">Je \u20ac 795.-\/Woche\/Person bei Belegung mit 2 Personen<br>Je \u20ac 940.-\/Woche (1 Person)<\/p>\n<p>3 gr\u00f6\u00dfere Zweibettzimmer mit je 2 Einzelbetten und kleiner eigener K\u00fcchenzeile<\/p>\n<p style=\"padding-left: 40px;\">Je \u20ac 850.- \/Woche\/Person bei Belegung mit 2 Personen<br>Je \u20ac 995.-\/Woche (1 Person)<\/p>\n<p>1 gr\u00f6sseres Zweibettzimmer gratis f\u00fcr 2 Kursleiter.<\/p>\n<p>Die Zimmer, die 8 Wochen vor Deinem Kursbeginn noch nicht belegt sind, werden bei<br>Bedarf von uns belegt.<span style=\"font-size: 1.5rem;\">&nbsp;<\/span><\/p>\t\t\t\t\t\t\t\t<\/div>\n\t\t\t\t<div class=\"elementor-element elementor-element-d8f2256 elementor-widget elementor-widget-text-editor\" data-id=\"d8f2256\" data-element_type=\"widget\" data-e-type=\"widget\" data-widget_type=\"text-editor.default\">\n\t\t\t\t\t\t\t\t\t<p><strong>Sobald ein Teilnehmer fest bucht, schickst du uns gleich folgende Daten:<\/strong><\/p><ol><li>Name des\/der Teilnehmer\/In<\/li><li>Zimmerkategorie (Einzel- oder Zweibettzimmer)<\/li><li>Ankunftszeit in M\u00e1laga<\/li><li>Flugnummer + Fluggesellschaft<\/li><li>Abflughafen<\/li><li>Handynummer der TeilnehmerIn<\/li><\/ol>\t\t\t\t\t\t\t\t<\/div>\n\t\t\t\t<div class=\"elementor-element elementor-element-59ebb9a elementor-widget elementor-widget-text-editor\" data-id=\"59ebb9a\" data-element_type=\"widget\" data-e-type=\"widget\" data-widget_type=\"text-editor.default\">\n\t\t\t\t\t\t\t\t\t<p><strong>Bei den Flugbuchungen beachten:<\/strong><\/p>\t\t\t\t\t\t\t\t<\/div>\n\t\t\t\t<div class=\"elementor-element elementor-element-eac5dd9 elementor-widget elementor-widget-text-editor\" data-id=\"eac5dd9\" data-element_type=\"widget\" data-e-type=\"widget\" data-widget_type=\"text-editor.default\">\n\t\t\t\t\t\t\t\t\t<ul>\n<li style=\"list-style-type: none;\">\n<ul style=\"list-style-type: square;\">\n<li>Der An- und Abreisetag ist immer sonntags.<\/li>\n<li>Der letzte Gratis-Sammeltransfer vom Flughafentreffpunkt M\u00e1laga zur Finca el Morisco ist um 20 Uhr. Der erste&nbsp;<span style=\"font-family: Arial, sans-serif; font-size: 18px; font-style: normal; font-weight: 500;\">Gratis-Sammeltransfer&nbsp;<\/span>sonntags f\u00e4hrt von der Finca um 7 Uhr ab und kommt gegen 8 Uhr am Flughafen M\u00e1laga an.<br>Wir fahren 3 Stunden vor Abflug von der Finca el Morisco ab.<\/li>\n<li>Erfahrungsgem\u00e4\u00df landen nach 17 Uhr ankommende Fl\u00fcge oftmals mit gr\u00f6\u00dferer Versp\u00e4tung, daher: BITTE die Fl\u00fcge so buchen, dass die TeilnehmerInnen sp\u00e4testens bis 17 Uhr landen!<\/li>\n<li>G\u00e4ste, die nach 20 Uhr am Treffpunkt ankommen, bitten wir uns wissen zu lassen, wie + wann sie auf der CASA ankommen.<\/li>\n<\/ul>\n<\/li>\n<\/ul>\t\t\t\t\t\t\t\t<\/div>\n\t\t\t\t<div class=\"elementor-element elementor-element-f4e4a47 elementor-widget elementor-widget-text-editor\" data-id=\"f4e4a47\" data-element_type=\"widget\" data-e-type=\"widget\" data-widget_type=\"text-editor.default\">\n\t\t\t\t\t\t\t\t\t<p><strong>Diverse Infos:<\/strong><\/p>\t\t\t\t\t\t\t\t<\/div>\n\t\t\t\t<div class=\"elementor-element elementor-element-ffbf777 elementor-widget elementor-widget-text-editor\" data-id=\"ffbf777\" data-element_type=\"widget\" data-e-type=\"widget\" data-widget_type=\"text-editor.default\">\n\t\t\t\t\t\t\t\t\t<p>Der Pool ist ungesichert und stellt eine Gefahr f\u00fcr Kinder und erwachsene Nichtschwimmer dar!<br \/>Die Kursleitung \u00fcbernimmt die volle Verantwortung f\u00fcr die Sicherheit von mitreisenden Kindern!<\/p><p>Im Finca-Restaurant werden Deine und die Villa-Seminarteilnehmer die Mahlzeiten gemeinsam einnehmen.<\/p><p>Die Finca el Morisco ist ein rauchfreies Haus mit Raucherecke.<br \/>WLAN\/WIFI ist im Aussen-Restaurantbereich vorhanden.<br \/>Alle unsere Zimmer verf\u00fcgen \u00fcber einen Ethernet-Anschluss f\u00fcr Deinen Laptop. Bitte besorge Dir einen Adapter f\u00fcr den Laptop falls dieser \u00fcber keinen RJ45 Anschluss verf\u00fcgt.<\/p><p><b><span style=\"font-family: arial, helvetica, sans-serif;\">Sagt ein Gast die Teilnahme an Deinem Kurs ab, gelten unsere Stornogeb\u00fchren wie folgt:\u00a0 <\/span><br \/><\/b><span style=\"font-family: arial, helvetica, sans-serif;\">\u00a0\u00a0\u00a0\u00a0\u00a0\u00a0\u00a0\u00a0\u00a0\u00a0\u00a0\u00a0\u00a0\u00a0 Anzahl der Tage vor der Anreise:<\/span><br \/><span style=\"font-family: arial, helvetica, sans-serif;\">\u00a0 \u00a0 \u00a0\u00a0 \u00a0\u00a0\u00a0\u00a0\u00a0\u00a0\u00a0 60 &#8211; 22 = 15%<\/span><br \/><span style=\"font-family: arial, helvetica, sans-serif;\">\u00a0 \u00a0 \u00a0 \u00a0 \u00a0\u00a0\u00a0\u00a0\u00a0\u00a0 21 &#8211;\u00a0\u00a0 7 = 50%<\/span><br \/><span style=\"font-family: arial, helvetica, sans-serif;\">\u00a0 \u00a0 \u00a0 \u00a0 \u00a0\u00a0\u00a0\u00a0 \u00a0 \u00a0 6 &#8211;\u00a0\u00a0 0 = 90%<\/span><\/p><p><span style=\"font-family: arial, helvetica, sans-serif;\"><b>Wir empfehlen dringend den Abschluss einer Reisekostenr\u00fccktrittsversicherung!<\/b><\/span><\/p><p><span style=\"font-family: arial, helvetica, sans-serif;\"><b>Wir bitten darum auf die Finca el Morisco keine Haustiere mitzubringen!\u00a0<\/b><\/span><\/p><p><span style=\"font-family: arial, helvetica, sans-serif;\">Bis <u>sp\u00e4testens 10 Tage<\/u> vor Anreise haben bitte alle Deine TeilnehmerInnen den Betrag f\u00fcr Unterkunft &amp; Verpflegung auf unser Konto \u00fcberwiesen:<\/span><\/p><p><span style=\"font-family: arial, helvetica, sans-serif;\"><i>DIE KONTENDATEN ERH\u00c4LST DU AUF ANFRAGE.<\/i><\/span><\/p><p><span style=\"font-family: arial, helvetica, sans-serif;\">Danke!<\/span><\/p>\t\t\t\t\t\t\t\t<\/div>\n\t\t\t\t<div class=\"elementor-element elementor-element-82bbc3a elementor-widget elementor-widget-text-editor\" data-id=\"82bbc3a\" data-element_type=\"widget\" data-e-type=\"widget\" data-widget_type=\"text-editor.default\">\n\t\t\t\t\t\t\t\t\t<p>Mit herzlichen Gr\u00fcssen<br \/>Dein Morisco-Team!<\/p>\t\t\t\t\t\t\t\t<\/div>\n\t\t\t\t\t<\/div>\n\t\t<\/div>\n\t\t\t\t\t<\/div>\n\t\t<\/section>\n\t\t\t\t<\/div>\n\t\t","protected":false},"excerpt":{"rendered":"<p>Informationen f\u00fcr KursleiterInnen F\u00fcr Gruppen, die auf unserer biologisch bewirtschafteten Finca el Morisco Urlaubs-Seminare in einer mediterranen Umgebung buchen wollen, stellen wir ein Pauschal-Arrangement bereit. Leistungen und Preise 2026 &amp; 2027: Dein Kurs sollte mindestens 20 zahlende Teilnehmer haben. Seminarraum-Nutzung <a class=\"more-link\" href=\"https:\/\/fincaelmorisco.com\/?page_id=15\">weiterlesen&#8230;<\/a><\/p>\n","protected":false},"author":1,"featured_media":0,"parent":0,"menu_order":1,"comment_status":"closed","ping_status":"closed","template":"","meta":{"_exactmetrics_skip_tracking":false,"_exactmetrics_sitenote_active":false,"_exactmetrics_sitenote_note":"","_exactmetrics_sitenote_category":0,"footnotes":""},"class_list":["post-15","page","type-page","status-publish","hentry"],"yoast_head":"<!-- This site is optimized with the Yoast SEO plugin v27.4 - https:\/\/yoast.com\/product\/yoast-seo-wordpress\/ -->\n<title>Informationen f\u00fcr KursleiterInnen - Finca el Morisco<\/title>\n<meta name=\"robots\" content=\"index, follow, max-snippet:-1, max-image-preview:large, max-video-preview:-1\" \/>\n<link rel=\"canonical\" href=\"https:\/\/fincaelmorisco.com\/?page_id=15\" \/>\n<meta property=\"og:locale\" content=\"de_DE\" \/>\n<meta property=\"og:type\" content=\"article\" \/>\n<meta property=\"og:title\" content=\"Informationen f\u00fcr KursleiterInnen - Finca el Morisco\" \/>\n<meta property=\"og:description\" content=\"Informationen f\u00fcr KursleiterInnen F\u00fcr Gruppen, die auf unserer biologisch bewirtschafteten Finca el Morisco Urlaubs-Seminare in einer mediterranen Umgebung buchen wollen, stellen wir ein Pauschal-Arrangement bereit. Leistungen und Preise 2026 &amp; 2027: Dein Kurs sollte mindestens 20 zahlende Teilnehmer haben. Seminarraum-Nutzung weiterlesen...\" \/>\n<meta property=\"og:url\" content=\"https:\/\/fincaelmorisco.com\/?page_id=15\" \/>\n<meta property=\"og:site_name\" content=\"Finca el Morisco\" \/>\n<meta property=\"article:modified_time\" content=\"2026-02-08T18:21:08+00:00\" \/>\n<meta name=\"twitter:card\" content=\"summary_large_image\" \/>\n<meta name=\"twitter:label1\" content=\"Gesch\u00e4tzte Lesezeit\" \/>\n\t<meta name=\"twitter:data1\" content=\"3\u00a0Minuten\" \/>\n<script type=\"application\/ld+json\" class=\"yoast-schema-graph\">{\"@context\":\"https:\\\/\\\/schema.org\",\"@graph\":[{\"@type\":\"WebPage\",\"@id\":\"https:\\\/\\\/fincaelmorisco.com\\\/?page_id=15\",\"url\":\"https:\\\/\\\/fincaelmorisco.com\\\/?page_id=15\",\"name\":\"Informationen f\u00fcr KursleiterInnen - Finca el Morisco\",\"isPartOf\":{\"@id\":\"https:\\\/\\\/fincaelmorisco.com\\\/#website\"},\"datePublished\":\"2012-05-20T15:18:32+00:00\",\"dateModified\":\"2026-02-08T18:21:08+00:00\",\"breadcrumb\":{\"@id\":\"https:\\\/\\\/fincaelmorisco.com\\\/?page_id=15#breadcrumb\"},\"inLanguage\":\"de\",\"potentialAction\":[{\"@type\":\"ReadAction\",\"target\":[\"https:\\\/\\\/fincaelmorisco.com\\\/?page_id=15\"]}]},{\"@type\":\"BreadcrumbList\",\"@id\":\"https:\\\/\\\/fincaelmorisco.com\\\/?page_id=15#breadcrumb\",\"itemListElement\":[{\"@type\":\"ListItem\",\"position\":1,\"name\":\"Home\",\"item\":\"https:\\\/\\\/fincaelmorisco.com\\\/\"},{\"@type\":\"ListItem\",\"position\":2,\"name\":\"Informationen f\u00fcr KursleiterInnen\"}]},{\"@type\":\"WebSite\",\"@id\":\"https:\\\/\\\/fincaelmorisco.com\\\/#website\",\"url\":\"https:\\\/\\\/fincaelmorisco.com\\\/\",\"name\":\"Finca el Morisco\",\"description\":\"Yogaurlaub in Andalusien Finca El Morisco\",\"publisher\":{\"@id\":\"https:\\\/\\\/fincaelmorisco.com\\\/#organization\"},\"potentialAction\":[{\"@type\":\"SearchAction\",\"target\":{\"@type\":\"EntryPoint\",\"urlTemplate\":\"https:\\\/\\\/fincaelmorisco.com\\\/?s={search_term_string}\"},\"query-input\":{\"@type\":\"PropertyValueSpecification\",\"valueRequired\":true,\"valueName\":\"search_term_string\"}}],\"inLanguage\":\"de\"},{\"@type\":\"Organization\",\"@id\":\"https:\\\/\\\/fincaelmorisco.com\\\/#organization\",\"name\":\"Finca El Morisco\",\"url\":\"https:\\\/\\\/fincaelmorisco.com\\\/\",\"logo\":{\"@type\":\"ImageObject\",\"inLanguage\":\"de\",\"@id\":\"https:\\\/\\\/fincaelmorisco.com\\\/#\\\/schema\\\/logo\\\/image\\\/\",\"url\":\"https:\\\/\\\/fincaelmorisco.com\\\/wp-content\\\/uploads\\\/2022\\\/02\\\/Finca-El-Morisco-Logo.png\",\"contentUrl\":\"https:\\\/\\\/fincaelmorisco.com\\\/wp-content\\\/uploads\\\/2022\\\/02\\\/Finca-El-Morisco-Logo.png\",\"width\":521,\"height\":123,\"caption\":\"Finca El Morisco\"},\"image\":{\"@id\":\"https:\\\/\\\/fincaelmorisco.com\\\/#\\\/schema\\\/logo\\\/image\\\/\"}}]}<\/script>\n<!-- \/ Yoast SEO plugin. -->","yoast_head_json":{"title":"Informationen f\u00fcr KursleiterInnen - Finca el Morisco","robots":{"index":"index","follow":"follow","max-snippet":"max-snippet:-1","max-image-preview":"max-image-preview:large","max-video-preview":"max-video-preview:-1"},"canonical":"https:\/\/fincaelmorisco.com\/?page_id=15","og_locale":"de_DE","og_type":"article","og_title":"Informationen f\u00fcr KursleiterInnen - Finca el Morisco","og_description":"Informationen f\u00fcr KursleiterInnen F\u00fcr Gruppen, die auf unserer biologisch bewirtschafteten Finca el Morisco Urlaubs-Seminare in einer mediterranen Umgebung buchen wollen, stellen wir ein Pauschal-Arrangement bereit. Leistungen und Preise 2026 &amp; 2027: Dein Kurs sollte mindestens 20 zahlende Teilnehmer haben. Seminarraum-Nutzung weiterlesen...","og_url":"https:\/\/fincaelmorisco.com\/?page_id=15","og_site_name":"Finca el Morisco","article_modified_time":"2026-02-08T18:21:08+00:00","twitter_card":"summary_large_image","twitter_misc":{"Gesch\u00e4tzte Lesezeit":"3\u00a0Minuten"},"schema":{"@context":"https:\/\/schema.org","@graph":[{"@type":"WebPage","@id":"https:\/\/fincaelmorisco.com\/?page_id=15","url":"https:\/\/fincaelmorisco.com\/?page_id=15","name":"Informationen f\u00fcr KursleiterInnen - Finca el Morisco","isPartOf":{"@id":"https:\/\/fincaelmorisco.com\/#website"},"datePublished":"2012-05-20T15:18:32+00:00","dateModified":"2026-02-08T18:21:08+00:00","breadcrumb":{"@id":"https:\/\/fincaelmorisco.com\/?page_id=15#breadcrumb"},"inLanguage":"de","potentialAction":[{"@type":"ReadAction","target":["https:\/\/fincaelmorisco.com\/?page_id=15"]}]},{"@type":"BreadcrumbList","@id":"https:\/\/fincaelmorisco.com\/?page_id=15#breadcrumb","itemListElement":[{"@type":"ListItem","position":1,"name":"Home","item":"https:\/\/fincaelmorisco.com\/"},{"@type":"ListItem","position":2,"name":"Informationen f\u00fcr KursleiterInnen"}]},{"@type":"WebSite","@id":"https:\/\/fincaelmorisco.com\/#website","url":"https:\/\/fincaelmorisco.com\/","name":"Finca el Morisco","description":"Yogaurlaub in Andalusien Finca El Morisco","publisher":{"@id":"https:\/\/fincaelmorisco.com\/#organization"},"potentialAction":[{"@type":"SearchAction","target":{"@type":"EntryPoint","urlTemplate":"https:\/\/fincaelmorisco.com\/?s={search_term_string}"},"query-input":{"@type":"PropertyValueSpecification","valueRequired":true,"valueName":"search_term_string"}}],"inLanguage":"de"},{"@type":"Organization","@id":"https:\/\/fincaelmorisco.com\/#organization","name":"Finca El Morisco","url":"https:\/\/fincaelmorisco.com\/","logo":{"@type":"ImageObject","inLanguage":"de","@id":"https:\/\/fincaelmorisco.com\/#\/schema\/logo\/image\/","url":"https:\/\/fincaelmorisco.com\/wp-content\/uploads\/2022\/02\/Finca-El-Morisco-Logo.png","contentUrl":"https:\/\/fincaelmorisco.com\/wp-content\/uploads\/2022\/02\/Finca-El-Morisco-Logo.png","width":521,"height":123,"caption":"Finca El Morisco"},"image":{"@id":"https:\/\/fincaelmorisco.com\/#\/schema\/logo\/image\/"}}]}},"_links":{"self":[{"href":"https:\/\/fincaelmorisco.com\/index.php?rest_route=\/wp\/v2\/pages\/15","targetHints":{"allow":["GET"]}}],"collection":[{"href":"https:\/\/fincaelmorisco.com\/index.php?rest_route=\/wp\/v2\/pages"}],"about":[{"href":"https:\/\/fincaelmorisco.com\/index.php?rest_route=\/wp\/v2\/types\/page"}],"author":[{"embeddable":true,"href":"https:\/\/fincaelmorisco.com\/index.php?rest_route=\/wp\/v2\/users\/1"}],"replies":[{"embeddable":true,"href":"https:\/\/fincaelmorisco.com\/index.php?rest_route=%2Fwp%2Fv2%2Fcomments&post=15"}],"version-history":[{"count":112,"href":"https:\/\/fincaelmorisco.com\/index.php?rest_route=\/wp\/v2\/pages\/15\/revisions"}],"predecessor-version":[{"id":15655,"href":"https:\/\/fincaelmorisco.com\/index.php?rest_route=\/wp\/v2\/pages\/15\/revisions\/15655"}],"wp:attachment":[{"href":"https:\/\/fincaelmorisco.com\/index.php?rest_route=%2Fwp%2Fv2%2Fmedia&parent=15"}],"curies":[{"name":"wp","href":"https:\/\/api.w.org\/{rel}","templated":true}]}}